{"id":653,"date":"2019-05-02T16:15:02","date_gmt":"2019-05-02T14:15:02","guid":{"rendered":"https:\/\/www.ireg-avr.de\/?page_id=653"},"modified":"2019-05-02T16:15:22","modified_gmt":"2019-05-02T14:15:22","slug":"contact","status":"publish","type":"page","link":"https:\/\/www.ireg-avr.de\/en\/contact\/","title":{"rendered":"Contact"},"content":{"rendered":"<div class=\"wpb-content-wrapper\"><p>[vc_row padding_bottom_multiplier=&#8221;&#8221;][vc_column]<div class=\"grve-element grve-slogan grve-align-center\" style=\"\"><h1 class=\"grve-slogan-title grve-align-center grve-h1\"><span>Contact<\/span><\/h1>  <p class=\"\">We look forward to your inquiry<\/p><\/div><div class=\"grve-empty-space grve-height-2x\" style=\"\"><\/div>[\/vc_column][\/vc_row][vc_row equal_column_height=&#8221;middle-content&#8221; kswr_row_top_decor_enabled=&#8221;false&#8221; kswr_row_bottom_decor_enabled=&#8221;false&#8221;][vc_column]\n<div class=\"wpcf7 no-js\" id=\"wpcf7-f657-o1\" lang=\"\" dir=\"ltr\" data-wpcf7-id=\"657\">\n<div class=\"screen-reader-response\"><p role=\"status\" aria-live=\"polite\" aria-atomic=\"true\"><\/p> <ul><\/ul><\/div>\n<form action=\"\/en\/wp-json\/wp\/v2\/pages\/653#wpcf7-f657-o1\" method=\"post\" class=\"wpcf7-form init\" aria-label=\"Contact form\" novalidate=\"novalidate\" data-status=\"init\">\n<fieldset class=\"hidden-fields-container\"><input type=\"hidden\" name=\"_wpcf7\" value=\"657\" \/><input type=\"hidden\" name=\"_wpcf7_version\" value=\"6.1.5\" \/><input type=\"hidden\" name=\"_wpcf7_locale\" value=\"\" \/><input type=\"hidden\" name=\"_wpcf7_unit_tag\" value=\"wpcf7-f657-o1\" \/><input type=\"hidden\" name=\"_wpcf7_container_post\" value=\"0\" \/><input type=\"hidden\" name=\"_wpcf7_posted_data_hash\" value=\"\" \/><input type=\"hidden\" name=\"_wpcf7_recaptcha_response\" value=\"\" \/>\n<\/fieldset>\n<div class=\"grve-form grve-fields-round grve-align-center\">\n\t<div class=\"grve-fields-wrapper\">\n\t\t<div class=\"grve-one-third\">\n\t\t\t<p><span class=\"wpcf7-form-control-wrap\" data-name=\"your-name\"><input size=\"40\" maxlength=\"400\" class=\"wpcf7-form-control wpcf7-text wpcf7-validates-as-required\" aria-required=\"true\" aria-invalid=\"false\" placeholder=\"Your Name (required)\" value=\"\" type=\"text\" name=\"your-name\" \/><\/span>\n\t\t\t<\/p>\n\t\t<\/div>\n\t\t<div class=\"grve-one-third\">\n\t\t\t<p><span class=\"wpcf7-form-control-wrap\" data-name=\"your-email\"><input size=\"40\" maxlength=\"400\" class=\"wpcf7-form-control wpcf7-email wpcf7-validates-as-required wpcf7-text wpcf7-validates-as-email\" aria-required=\"true\" aria-invalid=\"false\" placeholder=\"Your Email (required)\" value=\"\" type=\"email\" name=\"your-email\" \/><\/span>\n\t\t\t<\/p>\n\t\t<\/div>\n\t\t<div class=\"grve-one-third grve-last-column\">\n\t\t\t<p><span class=\"wpcf7-form-control-wrap\" data-name=\"your-subject\"><input size=\"40\" maxlength=\"400\" class=\"wpcf7-form-control wpcf7-text\" aria-invalid=\"false\" placeholder=\"Subject\" value=\"\" type=\"text\" name=\"your-subject\" \/><\/span>\n\t\t\t<\/p>\n\t\t<\/div>\n\t\t<div>\n\t\t\t<p><span class=\"wpcf7-form-control-wrap\" data-name=\"your-message\"><textarea cols=\"40\" rows=\"10\" maxlength=\"2000\" class=\"wpcf7-form-control wpcf7-textarea\" aria-invalid=\"false\" placeholder=\"Your Message\" name=\"your-message\"><\/textarea><\/span>\n\t\t\t<\/p>\n\t\t<\/div>\n\t\t<div>\n\t\t\t<p><input class=\"wpcf7-form-control wpcf7-submit has-spinner grve-round\" type=\"submit\" value=\"Send message\" \/>\n\t\t\t<\/p>\n\t\t<\/div>\n\t<\/div>\n<\/div><div class=\"wpcf7-response-output\" aria-hidden=\"true\"><\/div>\n<\/form>\n<\/div>\n[\/vc_column][\/vc_row][vc_row section_type=&#8221;fullwidth&#8221; padding_top_multiplier=&#8221;&#8221; padding_bottom_multiplier=&#8221;&#8221; columns_gap=&#8221;none&#8221; desktop_visibility=&#8221;hide&#8221; tablet_visibility=&#8221;hide&#8221; tablet_sm_visibility=&#8221;hide&#8221; mobile_visibility=&#8221;hide&#8221; margin_bottom=&#8221;0&#8243;][vc_column tablet_sm_width=&#8221;1&#8243;]<div class=\"grve-map-wrapper\"><div class=\"grve-element grve-map\" data-lat=\"53.0555332\" data-lng=\"8.7982513\" data-zoom=\"12\" data-disable-style=\"no\" style=\"height: 400px;\"><div class=\"grve-privacy-fallback-content grve-align-center\"><div class=\"grve-privacy-fallback-inner\"><img decoding=\"async\" class=\"grve-privacy-fallback-icon\" src=\"https:\/\/www.ireg-avr.de\/wp-content\/themes\/movedo\/images\/privacy\/google-map-icon.png\" alt=\"OpenStreetMap\">Dieser Inhalt ist blockiert. Bitte \u00fcberpr\u00fcfen Sie Ihre Privatsph\u00e4re-Einstellungen.<div class=\"clear\"><\/div><a href=\"#\" class=\"grve-privacy-popup-btn\">Privatsph\u00e4re-Einstellungen<\/a> \/ <a href=\"\/\/www.openstreetmap.org\/#map=10\/53.0555332\/8.7982513\" target=\"_blank\" rel=\"noopener noreferrer\">OpenStreetMap<\/a><\/div><\/div><\/div>  <div style=\"display:none\" class=\"grve-map-point\" data-point-marker=\"\" data-point-lat=\"53.0555332\" data-point-lng=\"8.7982513\" data-point-title=\"\" data-point-type=\"image\" data-point-marker-width=\"\" data-point-marker-height=\"\"><\/div><\/div>[\/vc_column][\/vc_row]<\/p>\n<\/div>","protected":false},"excerpt":{"rendered":"<p>[vc_row padding_bottom_multiplier=&#8221;&#8221;][vc_column][\/vc_column][\/vc_row][vc_row equal_column_height=&#8221;middle-content&#8221; kswr_row_top_decor_enabled=&#8221;false&#8221; kswr_row_bottom_decor_enabled=&#8221;false&#8221;][vc_column][\/vc_column][\/vc_row][vc_row section_type=&#8221;fullwidth&#8221; padding_top_multiplier=&#8221;&#8221; padding_bottom_multiplier=&#8221;&#8221; columns_gap=&#8221;none&#8221; desktop_visibility=&#8221;hide&#8221; tablet_visibility=&#8221;hide&#8221; tablet_sm_visibility=&#8221;hide&#8221; mobile_visibility=&#8221;hide&#8221; margin_bottom=&#8221;0&#8243;][vc_column tablet_sm_width=&#8221;1&#8243;][\/vc_column][\/vc_row]<\/p>\n","protected":false},"author":1,"featured_media":0,"parent":0,"menu_order":0,"comment_status":"closed","ping_status":"closed","template":"","meta":{"footnotes":""},"class_list":["post-653","page","type-page","status-publish","hentry"],"aioseo_notices":[],"_links":{"self":[{"href":"https:\/\/www.ireg-avr.de\/en\/wp-json\/wp\/v2\/pages\/653","targetHints":{"allow":["GET"]}}],"collection":[{"href":"https:\/\/www.ireg-avr.de\/en\/wp-json\/wp\/v2\/pages"}],"about":[{"href":"https:\/\/www.ireg-avr.de\/en\/wp-json\/wp\/v2\/types\/page"}],"author":[{"embeddable":true,"href":"https:\/\/www.ireg-avr.de\/en\/wp-json\/wp\/v2\/users\/1"}],"replies":[{"embeddable":true,"href":"https:\/\/www.ireg-avr.de\/en\/wp-json\/wp\/v2\/comments?post=653"}],"version-history":[{"count":4,"href":"https:\/\/www.ireg-avr.de\/en\/wp-json\/wp\/v2\/pages\/653\/revisions"}],"predecessor-version":[{"id":658,"href":"https:\/\/www.ireg-avr.de\/en\/wp-json\/wp\/v2\/pages\/653\/revisions\/658"}],"wp:attachment":[{"href":"https:\/\/www.ireg-avr.de\/en\/wp-json\/wp\/v2\/media?parent=653"}],"curies":[{"name":"wp","href":"https:\/\/api.w.org\/{rel}","templated":true}]}}